{"id":49,"date":"2022-03-18T19:53:34","date_gmt":"2022-03-18T18:53:34","guid":{"rendered":"http:\/\/mcc-wp.test\/?page_id=49"},"modified":"2026-03-13T22:12:11","modified_gmt":"2026-03-13T21:12:11","slug":"contacter","status":"publish","type":"page","link":"https:\/\/wp.montechargeculturel.com\/fr\/contacter\/","title":{"rendered":"Contact"},"content":{"rendered":"\n<p><strong>Brigitte Bouchard<\/strong><br>brigitte@montechargeculturel.com<\/p>\n\n\n\n<p><strong>Olivier Pratte<\/strong><br>olivier@montechargeculturel.com<\/p>\n\n\n\n<p><strong>Manuscrits<\/strong><\/p>\n\n\n\n<p>Nous sommes toujours \u00e0 l\u2019aff\u00fbt de nouvelles voix !<\/p>\n\n\n\n<p><strong>Tout manuscrit doit \u00eatre envoy\u00e9 \u00e0 l\u2019adresse suivante\u00a0: manuscrits@montechargeculturel.com<\/strong><\/p>\n\n\n\n<p>Nous acceptons uniquement les essais et les romans.<\/p>\n\n\n\n<p><em>Veuillez noter qu\u2019un d\u00e9lai de trente jours sans r\u00e9ponse de notre part signifie un refus. Notre petite \u00e9quipe s\u2019engage \u00e0 examiner chaque manuscrit re\u00e7u et \u00e0 maintenir une ligne \u00e9ditoriale coh\u00e9rente avec notre identit\u00e9.<\/em><\/p>\n","protected":false},"excerpt":{"rendered":"<p>Brigitte Bouchardbrigitte@montechargeculturel.com Olivier Pratteolivier@montechargeculturel.com Manuscrits Nous sommes toujours \u00e0 l\u2019aff\u00fbt de nouvelles voix ! Tout manuscrit doit \u00eatre envoy\u00e9 \u00e0 l\u2019adresse suivante\u00a0: manuscrits@montechargeculturel.com Nous acceptons uniquement les essais et les romans. Veuillez noter qu\u2019un d\u00e9lai de trente jours sans r\u00e9ponse de notre part signifie un refus. Notre petite \u00e9quipe s\u2019engage \u00e0 examiner chaque manuscrit re\u00e7u &hellip; <a href=\"https:\/\/wp.montechargeculturel.com\/fr\/contacter\/\" class='article_suite'>\u2192<\/a><\/p>\n","protected":false},"author":1,"featured_media":0,"parent":0,"menu_order":0,"comment_status":"closed","ping_status":"closed","template":"page-contact.blade.php","meta":[],"acf":[],"_links":{"self":[{"href":"https:\/\/wp.montechargeculturel.com\/fr\/wp-json\/wp\/v2\/pages\/49"}],"collection":[{"href":"https:\/\/wp.montechargeculturel.com\/fr\/wp-json\/wp\/v2\/pages"}],"about":[{"href":"https:\/\/wp.montechargeculturel.com\/fr\/wp-json\/wp\/v2\/types\/page"}],"author":[{"embeddable":true,"href":"https:\/\/wp.montechargeculturel.com\/fr\/wp-json\/wp\/v2\/users\/1"}],"replies":[{"embeddable":true,"href":"https:\/\/wp.montechargeculturel.com\/fr\/wp-json\/wp\/v2\/comments?post=49"}],"version-history":[{"count":15,"href":"https:\/\/wp.montechargeculturel.com\/fr\/wp-json\/wp\/v2\/pages\/49\/revisions"}],"predecessor-version":[{"id":2259,"href":"https:\/\/wp.montechargeculturel.com\/fr\/wp-json\/wp\/v2\/pages\/49\/revisions\/2259"}],"wp:attachment":[{"href":"https:\/\/wp.montechargeculturel.com\/fr\/wp-json\/wp\/v2\/media?parent=49"}],"curies":[{"name":"wp","href":"https:\/\/api.w.org\/{rel}","templated":true}]}}