{"id":67,"date":"2022-03-18T20:17:39","date_gmt":"2022-03-18T19:17:39","guid":{"rendered":"http:\/\/mcc-wp.test\/?page_id=67"},"modified":"2026-03-13T21:46:01","modified_gmt":"2026-03-13T20:46:01","slug":"accueil","status":"publish","type":"page","link":"https:\/\/wp.montechargeculturel.com\/fr\/","title":{"rendered":"Accueil"},"content":{"rendered":"\n<h1>Le monte-charge culturel<\/h1>\n\n\n\n<p><\/p>\n\n\n\n<p><\/p>\n\n\n\n<p>Le monte-charge culturel a \u00e9t\u00e9 fond\u00e9 en avril 2021 par Brigitte Bouchard. Apr\u00e8s avoir exerc\u00e9 pendant 20 ans le m\u00e9tier d&rsquo;\u00e9ditrice, elle poursuit \u00e0 travers cette agence litt\u00e9raire son r\u00f4le de passeur exaltant. Avec son associ\u00e9 Olivier Pratte, iels repr\u00e9sentent des \u00e9crivaines et \u00e9crivains d\u00e9fricheurs, qui exp\u00e9rimentent et jouent avec la forme sans jamais n\u00e9gliger la puissance du r\u00e9cit.<\/p>\n\n\n\n<p>L\u2019agence est mue par quelques id\u00e9es fondamentales : l\u2019oc\u00e9an ne s\u2019arr\u00eate pas \u00e0 la lisi\u00e8re de notre vision et chaque embarcation creuse les flots d\u2019une aventure unique. Le vent qui hurle avec plus de force n\u2019est pas celui qu\u2019on entend le mieux et toute \u00eele vaut un continent.<\/p>\n\n\n\n<p><\/p>\n\n\n\n<h1>Actualit\u00e9s<\/h1>\n\n\n<ul class=\"wp-block-latest-posts__list is-grid columns-3 wp-block-latest-posts\"><li><a href=\"https:\/\/wp.montechargeculturel.com\/fr\/2025\/05\/06\/goncourt-du-premier-roman-pour-photo-sur-demande\/\">Goncourt du premier roman pour Photo sur demande !<\/a><div class=\"wp-block-latest-posts__post-excerpt\">Toutes nos f\u00e9licitations \u00e0 Simon Chevrier qui remporte le Goncourt du premier roman 2025 pour son livre PHOTO SUR DEMANDE, paru aux Editions Stock en &hellip; <a href=\"https:\/\/wp.montechargeculturel.com\/fr\/2025\/05\/06\/goncourt-du-premier-roman-pour-photo-sur-demande\/\" class='article_suite'>\u2192<\/a><\/div><\/li>\n<li><a href=\"https:\/\/wp.montechargeculturel.com\/fr\/2025\/02\/26\/notre-nouveau-catalogue-est-en-ligne\/\">Notre nouveau catalogue est en ligne<\/a><div class=\"wp-block-latest-posts__post-excerpt\">\u00c0 l\u2019approche de la Foire du Livre de Londres, nous sommes ravis de partager avec vous notre catalogue actualis\u00e9. Comme vous pouvez vous y attendre &hellip; <a href=\"https:\/\/wp.montechargeculturel.com\/fr\/2025\/02\/26\/notre-nouveau-catalogue-est-en-ligne\/\" class='article_suite'>\u2192<\/a><\/div><\/li>\n<li><a href=\"https:\/\/wp.montechargeculturel.com\/fr\/2025\/01\/09\/derniere-sortie-photo-sur-demande-de-simon-chevrier\/\">Derni\u00e8re sortie&nbsp;: Photo sur demande de Simon Chevrier<\/a><div class=\"wp-block-latest-posts__post-excerpt\">2025 a commenc\u00e9 en trombe pour l\u2019agence, avec la sortie de PHOTO SUR DEMANDE\u00a0de Simon Chevrier, le 2 janvier. Le roman rencontre un accueil enthousiaste &hellip; <a href=\"https:\/\/wp.montechargeculturel.com\/fr\/2025\/01\/09\/derniere-sortie-photo-sur-demande-de-simon-chevrier\/\" class='article_suite'>\u2192<\/a><\/div><\/li>\n<\/ul>\n\n\n<p><\/p>\n\n\n\n<p class=\"has-text-align-right\">                                                                                                                                                          <\/p>\n","protected":false},"excerpt":{"rendered":"<p>Le monte-charge culturel Le monte-charge culturel a \u00e9t\u00e9 fond\u00e9 en avril 2021 par Brigitte Bouchard. Apr\u00e8s avoir exerc\u00e9 pendant 20 ans le m\u00e9tier d&rsquo;\u00e9ditrice, elle poursuit \u00e0 travers cette agence litt\u00e9raire son r\u00f4le de passeur exaltant. Avec son associ\u00e9 Olivier Pratte, iels repr\u00e9sentent des \u00e9crivaines et \u00e9crivains d\u00e9fricheurs, qui exp\u00e9rimentent et jouent avec la forme &hellip; <a href=\"https:\/\/wp.montechargeculturel.com\/fr\/\" class='article_suite'>\u2192<\/a><\/p>\n","protected":false},"author":1,"featured_media":0,"parent":0,"menu_order":0,"comment_status":"closed","ping_status":"closed","template":"","meta":[],"acf":[],"_links":{"self":[{"href":"https:\/\/wp.montechargeculturel.com\/fr\/wp-json\/wp\/v2\/pages\/67"}],"collection":[{"href":"https:\/\/wp.montechargeculturel.com\/fr\/wp-json\/wp\/v2\/pages"}],"about":[{"href":"https:\/\/wp.montechargeculturel.com\/fr\/wp-json\/wp\/v2\/types\/page"}],"author":[{"embeddable":true,"href":"https:\/\/wp.montechargeculturel.com\/fr\/wp-json\/wp\/v2\/users\/1"}],"replies":[{"embeddable":true,"href":"https:\/\/wp.montechargeculturel.com\/fr\/wp-json\/wp\/v2\/comments?post=67"}],"version-history":[{"count":49,"href":"https:\/\/wp.montechargeculturel.com\/fr\/wp-json\/wp\/v2\/pages\/67\/revisions"}],"predecessor-version":[{"id":2252,"href":"https:\/\/wp.montechargeculturel.com\/fr\/wp-json\/wp\/v2\/pages\/67\/revisions\/2252"}],"wp:attachment":[{"href":"https:\/\/wp.montechargeculturel.com\/fr\/wp-json\/wp\/v2\/media?parent=67"}],"curies":[{"name":"wp","href":"https:\/\/api.w.org\/{rel}","templated":true}]}}